{"id":1998,"date":"2023-05-02T09:12:52","date_gmt":"2023-05-02T09:12:52","guid":{"rendered":"https:\/\/son-energy.it\/?page_id=1998"},"modified":"2023-07-02T15:50:48","modified_gmt":"2023-07-02T15:50:48","slug":"service","status":"publish","type":"page","link":"https:\/\/son-energy.it\/it\/service\/","title":{"rendered":"Service"},"content":{"rendered":"<div data-elementor-type=\"wp-page\" data-elementor-id=\"1998\" class=\"elementor elementor-1998\" data-elementor-post-type=\"page\">\n\t\t\t\t<div class=\"elementor-element elementor-element-358ad22 e-con-full e-flex e-con e-parent\" data-id=\"358ad22\" data-element_type=\"container\" data-e-type=\"container\" data-settings=\"{&quot;background_background&quot;:&quot;classic&quot;}\">\n\t\t\t\t<div class=\"elementor-element elementor-element-35ed5f3 elementor-widget__width-initial e-transform e-transform elementor-widget elementor-widget-heading\" data-id=\"35ed5f3\" data-element_type=\"widget\" data-e-type=\"widget\" data-settings=\"{&quot;_transform_scale_effect&quot;:{&quot;unit&quot;:&quot;px&quot;,&quot;size&quot;:&quot;&quot;,&quot;sizes&quot;:[]},&quot;_transform_scale_effect_tablet&quot;:{&quot;unit&quot;:&quot;px&quot;,&quot;size&quot;:&quot;&quot;,&quot;sizes&quot;:[]},&quot;_transform_scale_effect_mobile&quot;:{&quot;unit&quot;:&quot;px&quot;,&quot;size&quot;:&quot;&quot;,&quot;sizes&quot;:[]},&quot;_transform_skewX_effect&quot;:{&quot;unit&quot;:&quot;px&quot;,&quot;size&quot;:&quot;&quot;,&quot;sizes&quot;:[]},&quot;_transform_skewX_effect_tablet&quot;:{&quot;unit&quot;:&quot;deg&quot;,&quot;size&quot;:&quot;&quot;,&quot;sizes&quot;:[]},&quot;_transform_skewX_effect_mobile&quot;:{&quot;unit&quot;:&quot;deg&quot;,&quot;size&quot;:&quot;&quot;,&quot;sizes&quot;:[]},&quot;_transform_skewY_effect&quot;:{&quot;unit&quot;:&quot;px&quot;,&quot;size&quot;:&quot;&quot;,&quot;sizes&quot;:[]},&quot;_transform_skewY_effect_tablet&quot;:{&quot;unit&quot;:&quot;deg&quot;,&quot;size&quot;:&quot;&quot;,&quot;sizes&quot;:[]},&quot;_transform_skewY_effect_mobile&quot;:{&quot;unit&quot;:&quot;deg&quot;,&quot;size&quot;:&quot;&quot;,&quot;sizes&quot;:[]}}\" data-widget_type=\"heading.default\">\n\t\t\t\t\t<h1 class=\"elementor-heading-title elementor-size-default\">\n\nSERVIZIO\n\n<\/h1>\t\t\t\t<\/div>\n\t\t\t\t<\/div>\n\t\t<div class=\"elementor-element elementor-element-5d1ff37 e-flex e-con-boxed e-con e-parent\" data-id=\"5d1ff37\" data-element_type=\"container\" data-e-type=\"container\">\n\t\t\t\t\t<div class=\"e-con-inner\">\n\t\t\t\t<div class=\"elementor-element elementor-element-cfce6a2 elementor-widget elementor-widget-text-editor\" data-id=\"cfce6a2\" data-element_type=\"widget\" data-e-type=\"widget\" data-widget_type=\"text-editor.default\">\n\t\t\t\t\t\t\t\t\t<p><b>SON S.r.l.,<\/b> offre un'ampia gamma di servizi di supporto per impianti di produzione di vapore con una risposta completa, professionale e affidabile. Il nostro partner, <b>CCT<\/b> <b>SERVIZIO<\/b>, vanta una vasta esperienza internazionale e una lunga storia di know-how, che ci consente di fornire un elevato livello di prestazioni e di prolungare la vita residua dei vostri impianti di produzione di vapore. Comprendiamo che il rispetto delle rigide leggi e normative in vigore \u00e8 importante per il funzionamento degli impianti, ed \u00e8 per questo che operiamo nel rispetto degli standard industriali sia nazionali che internazionali. Un team di professionisti esperti lavora con voi per massimizzare l'efficienza delle prestazioni del vostro impianto utilizzando le pi\u00f9 recenti tecnologie e tecniche innovative. Il nostro obiettivo finale \u00e8 aiutarvi a raggiungere il successo fornendo soluzioni su misura e convenienti che soddisfino le vostre esigenze specifiche.<\/p>\t\t\t\t\t\t\t\t<\/div>\n\t\t\t\t\t<\/div>\n\t\t\t\t<\/div>\n\t\t<div class=\"elementor-element elementor-element-61d364c e-flex e-con-boxed e-con e-parent\" data-id=\"61d364c\" data-element_type=\"container\" data-e-type=\"container\" data-settings=\"{&quot;background_background&quot;:&quot;classic&quot;}\">\n\t\t\t\t\t<div class=\"e-con-inner\">\n\t\t<div class=\"elementor-element elementor-element-284428e e-con-full e-flex e-con e-parent\" data-id=\"284428e\" data-element_type=\"container\" data-e-type=\"container\" data-settings=\"{&quot;background_background&quot;:&quot;classic&quot;}\">\n\t\t\t\t<div class=\"elementor-element elementor-element-918a70a elementor-widget elementor-widget-image\" data-id=\"918a70a\" data-element_type=\"widget\" data-e-type=\"widget\" data-widget_type=\"image.default\">\n\t\t\t\t\t\t\t\t\t\t\t\t\t\t\t<img fetchpriority=\"high\" decoding=\"async\" width=\"2560\" height=\"1920\" src=\"https:\/\/son-energy.it\/wp-content\/uploads\/2023\/05\/16052011109-scaled.jpg\" class=\"attachment-full size-full wp-image-2175\" alt=\"\" srcset=\"https:\/\/son-energy.it\/wp-content\/uploads\/2023\/05\/16052011109-scaled.jpg 2560w, https:\/\/son-energy.it\/wp-content\/uploads\/2023\/05\/16052011109-300x225.jpg 300w, https:\/\/son-energy.it\/wp-content\/uploads\/2023\/05\/16052011109-1024x768.jpg 1024w, https:\/\/son-energy.it\/wp-content\/uploads\/2023\/05\/16052011109-768x576.jpg 768w, https:\/\/son-energy.it\/wp-content\/uploads\/2023\/05\/16052011109-1536x1152.jpg 1536w, https:\/\/son-energy.it\/wp-content\/uploads\/2023\/05\/16052011109-2048x1536.jpg 2048w\" sizes=\"(max-width: 2560px) 100vw, 2560px\" \/>\t\t\t\t\t\t\t\t\t\t\t\t\t\t\t<\/div>\n\t\t\t\t<\/div>\n\t\t<div class=\"elementor-element elementor-element-138e7ab e-con-full e-flex e-con e-parent\" data-id=\"138e7ab\" data-element_type=\"container\" data-e-type=\"container\">\n\t\t\t\t<div class=\"elementor-element elementor-element-d99042d elementor-widget elementor-widget-text-editor\" data-id=\"d99042d\" data-element_type=\"widget\" data-e-type=\"widget\" data-widget_type=\"text-editor.default\">\n\t\t\t\t\t\t\t\t\t<p style=\"text-align: center;\"><span style=\"color: #44576f;\"><b>SON S.r.l.<\/b> in collaborazione con <b>SERVIZIO CCT<\/b> Offre un servizio di emergenza garantendo tempestivit\u00e0 e professionalit\u00e0 per minimizzare i tempi di fermo impianto. Il nostro personale \u00e8 specializzato nella riparazione e nell'assistenza tecnica in campo, con comprovata esperienza nella riparazione di caldaie HYDROTHERMAL, PENSOTTI, CCT e altre aziende produttrici.<\/span><\/p><p style=\"text-align: center;\">La nostra vasta conoscenza dei prodotti ci permette di intervenire su qualsiasi tipo di caldaia, sia essa destinata alla produzione di energia, all'uso industriale di vapore, al teleriscaldamento o all'incenerimento (biomasse-rifiuti).<\/p>\t\t\t\t\t\t\t\t<\/div>\n\t\t\t\t<\/div>\n\t\t\t\t\t<\/div>\n\t\t\t\t<\/div>\n\t\t<div class=\"elementor-element elementor-element-552a654 e-flex e-con-boxed e-con e-parent\" data-id=\"552a654\" data-element_type=\"container\" data-e-type=\"container\">\n\t\t\t\t\t<div class=\"e-con-inner\">\n\t\t\t\t<div class=\"elementor-element elementor-element-0d07fea elementor-widget elementor-widget-heading\" data-id=\"0d07fea\" data-element_type=\"widget\" data-e-type=\"widget\" data-widget_type=\"heading.default\">\n\t\t\t\t\t<h4 class=\"elementor-heading-title elementor-size-default\">Il CCT WORKSHOP si trova nel Nord Italia, vicino agli uffici della SON S.r.l.  <\/h4>\t\t\t\t<\/div>\n\t\t\t\t<div class=\"elementor-element elementor-element-bd9f3a7 elementor-widget elementor-widget-image\" data-id=\"bd9f3a7\" data-element_type=\"widget\" data-e-type=\"widget\" data-widget_type=\"image.default\">\n\t\t\t\t\t\t\t\t\t\t\t\t\t\t\t<img decoding=\"async\" width=\"2560\" height=\"1153\" src=\"https:\/\/son-energy.it\/wp-content\/uploads\/2023\/05\/20230503_100829-scaled.jpg\" class=\"attachment-full size-full wp-image-2177\" alt=\"\" srcset=\"https:\/\/son-energy.it\/wp-content\/uploads\/2023\/05\/20230503_100829-scaled.jpg 2560w, https:\/\/son-energy.it\/wp-content\/uploads\/2023\/05\/20230503_100829-300x135.jpg 300w, https:\/\/son-energy.it\/wp-content\/uploads\/2023\/05\/20230503_100829-1024x461.jpg 1024w, https:\/\/son-energy.it\/wp-content\/uploads\/2023\/05\/20230503_100829-768x346.jpg 768w, https:\/\/son-energy.it\/wp-content\/uploads\/2023\/05\/20230503_100829-1536x692.jpg 1536w, https:\/\/son-energy.it\/wp-content\/uploads\/2023\/05\/20230503_100829-2048x922.jpg 2048w\" sizes=\"(max-width: 2560px) 100vw, 2560px\" \/>\t\t\t\t\t\t\t\t\t\t\t\t\t\t\t<\/div>\n\t\t\t\t\t<\/div>\n\t\t\t\t<\/div>\n\t\t<div class=\"elementor-element elementor-element-fecb9aa e-flex e-con-boxed e-con e-parent\" data-id=\"fecb9aa\" data-element_type=\"container\" data-e-type=\"container\">\n\t\t\t\t\t<div class=\"e-con-inner\">\n\t\t<div class=\"elementor-element elementor-element-62dbb1b e-con-full e-flex e-con e-parent\" data-id=\"62dbb1b\" data-element_type=\"container\" data-e-type=\"container\">\n\t\t\t\t<\/div>\n\t\t<div class=\"elementor-element elementor-element-9d9c020 e-con-full e-flex e-con e-parent\" data-id=\"9d9c020\" data-element_type=\"container\" data-e-type=\"container\">\n\t\t\t\t<div class=\"elementor-element elementor-element-228f033 elementor-widget elementor-widget-heading\" data-id=\"228f033\" data-element_type=\"widget\" data-e-type=\"widget\" data-widget_type=\"heading.default\">\n\t\t\t\t\t<h4 class=\"elementor-heading-title elementor-size-default\">Per maggiori informazioni sul Servizio CCT, visita il sito web cliccando qui sotto o scarica la brochure.<\/h4>\t\t\t\t<\/div>\n\t\t\t\t<div class=\"elementor-element elementor-element-49e9435 e-transform elementor-widget elementor-widget-image\" data-id=\"49e9435\" data-element_type=\"widget\" data-e-type=\"widget\" data-settings=\"{&quot;_transform_scale_effect_hover&quot;:{&quot;unit&quot;:&quot;px&quot;,&quot;size&quot;:&quot;&quot;,&quot;sizes&quot;:[]},&quot;_transform_scale_effect_hover_tablet&quot;:{&quot;unit&quot;:&quot;px&quot;,&quot;size&quot;:&quot;&quot;,&quot;sizes&quot;:[]},&quot;_transform_scale_effect_hover_mobile&quot;:{&quot;unit&quot;:&quot;px&quot;,&quot;size&quot;:&quot;&quot;,&quot;sizes&quot;:[]}}\" data-widget_type=\"image.default\">\n\t\t\t\t\t\t\t\t\t\t\t\t<figure class=\"wp-caption\">\n\t\t\t\t\t\t\t\t\t\t\t<a href=\"https:\/\/www.cctservice.net\/\" target=\"_blank\">\n\t\t\t\t\t\t\t<img decoding=\"async\" width=\"300\" height=\"200\" src=\"https:\/\/son-energy.it\/wp-content\/uploads\/2023\/05\/CCT-SERVICE-300x200.png\" class=\"elementor-animation-grow attachment-medium size-medium wp-image-2019\" alt=\"\" srcset=\"https:\/\/son-energy.it\/wp-content\/uploads\/2023\/05\/CCT-SERVICE-300x200.png 300w, https:\/\/son-energy.it\/wp-content\/uploads\/2023\/05\/CCT-SERVICE.png 610w\" sizes=\"(max-width: 300px) 100vw, 300px\" \/>\t\t\t\t\t\t\t\t<\/a>\n\t\t\t\t\t\t\t\t\t\t\t<figcaption class=\"widget-image-caption wp-caption-text\"><\/figcaption>\n\t\t\t\t\t\t\t\t\t\t<\/figure>\n\t\t\t\t\t\t\t\t\t<\/div>\n\t\t\t\t<div class=\"elementor-element elementor-element-a29fa90 elementor-button-danger elementor-align-center elementor-widget elementor-widget-button\" data-id=\"a29fa90\" data-element_type=\"widget\" data-e-type=\"widget\" data-widget_type=\"button.default\">\n\t\t\t\t\t\t\t\t\t\t<a class=\"elementor-button elementor-button-link elementor-size-sm elementor-animation-grow\" href=\"https:\/\/son-energy.it\/wp-content\/uploads\/2023\/03\/CCT.pdf\" target=\"_blank\">\n\t\t\t\t\t\t<span class=\"elementor-button-content-wrapper\">\n\t\t\t\t\t\t\t\t\t<span class=\"elementor-button-text\">SCARICA PDF<\/span>\n\t\t\t\t\t<\/span>\n\t\t\t\t\t<\/a>\n\t\t\t\t\t\t\t\t<\/div>\n\t\t\t\t<\/div>\n\t\t<div class=\"elementor-element elementor-element-6cd64f2 e-con-full e-flex e-con e-parent\" data-id=\"6cd64f2\" data-element_type=\"container\" data-e-type=\"container\">\n\t\t\t\t<\/div>\n\t\t\t\t\t<\/div>\n\t\t\t\t<\/div>\n\t\t\t\t<\/div>","protected":false},"excerpt":{"rendered":"<p>SERVICE SON S.r.l., offers a wide range of service support for steam production plants with a complete, professional and reliable response.&nbsp; Our partner, CCT SERVICE, has vast international experience and a long-standing history of know-how, which enables us to deliver a high level of performance and extend the residual life of your steam production plants. [&hellip;]<\/p>\n","protected":false},"author":1,"featured_media":2000,"parent":0,"menu_order":0,"comment_status":"closed","ping_status":"closed","template":"","meta":{"_uag_custom_page_level_css":"","site-sidebar-layout":"no-sidebar","site-content-layout":"page-builder","ast-site-content-layout":"","site-content-style":"default","site-sidebar-style":"default","ast-global-header-display":"","ast-banner-title-visibility":"","ast-main-header-display":"","ast-hfb-above-header-display":"","ast-hfb-below-header-display":"","ast-hfb-mobile-header-display":"","site-post-title":"disabled","ast-breadcrumbs-content":"","ast-featured-img":"disabled","footer-sml-layout":"","theme-transparent-header-meta":"","adv-header-id-meta":"","stick-header-meta":"","header-above-stick-meta":"","header-main-stick-meta":"","header-below-stick-meta":"","astra-migrate-meta-layouts":"default","ast-page-background-enabled":"default","ast-page-background-meta":{"desktop":{"background-color":"var(--ast-global-color-4)","background-image":"","background-repeat":"repeat","background-position":"center center","background-size":"auto","background-attachment":"scroll","background-type":"","background-media":"","overlay-type":"","overlay-color":"","overlay-opacity":"","overlay-gradient":""},"tablet":{"background-color":"","background-image":"","background-repeat":"repeat","background-position":"center center","background-size":"auto","background-attachment":"scroll","background-type":"","background-media":"","overlay-type":"","overlay-color":"","overlay-opacity":"","overlay-gradient":""},"mobile":{"background-color":"","background-image":"","background-repeat":"repeat","background-position":"center center","background-size":"auto","background-attachment":"scroll","background-type":"","background-media":"","overlay-type":"","overlay-color":"","overlay-opacity":"","overlay-gradient":""}},"ast-content-background-meta":{"desktop":{"background-color":"var(--ast-global-color-5)","background-image":"","background-repeat":"repeat","background-position":"center center","background-size":"auto","background-attachment":"scroll","background-type":"","background-media":"","overlay-type":"","overlay-color":"","overlay-opacity":"","overlay-gradient":""},"tablet":{"background-color":"var(--ast-global-color-5)","background-image":"","background-repeat":"repeat","background-position":"center center","background-size":"auto","background-attachment":"scroll","background-type":"","background-media":"","overlay-type":"","overlay-color":"","overlay-opacity":"","overlay-gradient":""},"mobile":{"background-color":"var(--ast-global-color-5)","background-image":"","background-repeat":"repeat","background-position":"center center","background-size":"auto","background-attachment":"scroll","background-type":"","background-media":"","overlay-type":"","overlay-color":"","overlay-opacity":"","overlay-gradient":""}},"footnotes":""},"class_list":["post-1998","page","type-page","status-publish","has-post-thumbnail","hentry"],"yoast_head":"<!-- This site is optimized with the Yoast SEO plugin v27.5 - https:\/\/yoast.com\/product\/yoast-seo-wordpress\/ -->\n<title>Service - SON ENERGY<\/title>\n<meta name=\"description\" content=\"SON S.r.l. offers its customers complete, professional and rapid response service support for their steam production plants.\" \/>\n<meta name=\"robots\" content=\"index, follow, max-snippet:-1, max-image-preview:large, max-video-preview:-1\" \/>\n<link rel=\"canonical\" href=\"https:\/\/son-energy.it\/it\/service\/\" \/>\n<meta property=\"og:locale\" content=\"it_IT\" \/>\n<meta property=\"og:type\" content=\"article\" \/>\n<meta property=\"og:title\" content=\"Service - SON ENERGY\" \/>\n<meta property=\"og:description\" content=\"SON S.r.l. offers its customers complete, professional and rapid response service support for their steam production plants.\" \/>\n<meta property=\"og:url\" content=\"https:\/\/son-energy.it\/it\/service\/\" \/>\n<meta property=\"og:site_name\" content=\"SON ENERGY\" \/>\n<meta property=\"article:modified_time\" content=\"2023-07-02T15:50:48+00:00\" \/>\n<meta property=\"og:image\" content=\"https:\/\/son-energy.it\/wp-content\/uploads\/2023\/05\/wrench-spanner-repair-717684.jpg\" \/>\n\t<meta property=\"og:image:width\" content=\"1280\" \/>\n\t<meta property=\"og:image:height\" content=\"853\" \/>\n\t<meta property=\"og:image:type\" content=\"image\/jpeg\" \/>\n<meta name=\"twitter:card\" content=\"summary_large_image\" \/>\n<meta name=\"twitter:label1\" content=\"Tempo di lettura stimato\" \/>\n\t<meta name=\"twitter:data1\" content=\"2 minuti\" \/>\n<script type=\"application\/ld+json\" class=\"yoast-schema-graph\">{\"@context\":\"https:\\\/\\\/schema.org\",\"@graph\":[{\"@type\":\"WebPage\",\"@id\":\"https:\\\/\\\/son-energy.it\\\/service\\\/\",\"url\":\"https:\\\/\\\/son-energy.it\\\/service\\\/\",\"name\":\"Service - SON ENERGY\",\"isPartOf\":{\"@id\":\"https:\\\/\\\/son-energy.it\\\/#website\"},\"primaryImageOfPage\":{\"@id\":\"https:\\\/\\\/son-energy.it\\\/service\\\/#primaryimage\"},\"image\":{\"@id\":\"https:\\\/\\\/son-energy.it\\\/service\\\/#primaryimage\"},\"thumbnailUrl\":\"https:\\\/\\\/son-energy.it\\\/wp-content\\\/uploads\\\/2023\\\/05\\\/wrench-spanner-repair-717684.jpg\",\"datePublished\":\"2023-05-02T09:12:52+00:00\",\"dateModified\":\"2023-07-02T15:50:48+00:00\",\"description\":\"SON S.r.l. offers its customers complete, professional and rapid response service support for their steam production plants.\",\"breadcrumb\":{\"@id\":\"https:\\\/\\\/son-energy.it\\\/service\\\/#breadcrumb\"},\"inLanguage\":\"it-IT\",\"potentialAction\":[{\"@type\":\"ReadAction\",\"target\":[\"https:\\\/\\\/son-energy.it\\\/service\\\/\"]}]},{\"@type\":\"ImageObject\",\"inLanguage\":\"it-IT\",\"@id\":\"https:\\\/\\\/son-energy.it\\\/service\\\/#primaryimage\",\"url\":\"https:\\\/\\\/son-energy.it\\\/wp-content\\\/uploads\\\/2023\\\/05\\\/wrench-spanner-repair-717684.jpg\",\"contentUrl\":\"https:\\\/\\\/son-energy.it\\\/wp-content\\\/uploads\\\/2023\\\/05\\\/wrench-spanner-repair-717684.jpg\",\"width\":1280,\"height\":853,\"caption\":\"wrench, spanner, repair-717684.jpg\"},{\"@type\":\"BreadcrumbList\",\"@id\":\"https:\\\/\\\/son-energy.it\\\/service\\\/#breadcrumb\",\"itemListElement\":[{\"@type\":\"ListItem\",\"position\":1,\"name\":\"Home\",\"item\":\"https:\\\/\\\/son-energy.it\\\/it\\\/\"},{\"@type\":\"ListItem\",\"position\":2,\"name\":\"Service\"}]},{\"@type\":\"WebSite\",\"@id\":\"https:\\\/\\\/son-energy.it\\\/#website\",\"url\":\"https:\\\/\\\/son-energy.it\\\/\",\"name\":\"SON ENERGY\",\"description\":\"INNOVATIVE ENERGY SOLUTIONS\",\"publisher\":{\"@id\":\"https:\\\/\\\/son-energy.it\\\/#organization\"},\"potentialAction\":[{\"@type\":\"SearchAction\",\"target\":{\"@type\":\"EntryPoint\",\"urlTemplate\":\"https:\\\/\\\/son-energy.it\\\/?s={search_term_string}\"},\"query-input\":{\"@type\":\"PropertyValueSpecification\",\"valueRequired\":true,\"valueName\":\"search_term_string\"}}],\"inLanguage\":\"it-IT\"},{\"@type\":\"Organization\",\"@id\":\"https:\\\/\\\/son-energy.it\\\/#organization\",\"name\":\"SON ENERGY\",\"url\":\"https:\\\/\\\/son-energy.it\\\/\",\"logo\":{\"@type\":\"ImageObject\",\"inLanguage\":\"it-IT\",\"@id\":\"https:\\\/\\\/son-energy.it\\\/#\\\/schema\\\/logo\\\/image\\\/\",\"url\":\"https:\\\/\\\/son-energy.it\\\/wp-content\\\/uploads\\\/2021\\\/11\\\/son-logo.png\",\"contentUrl\":\"https:\\\/\\\/son-energy.it\\\/wp-content\\\/uploads\\\/2021\\\/11\\\/son-logo.png\",\"width\":1156,\"height\":585,\"caption\":\"SON ENERGY\"},\"image\":{\"@id\":\"https:\\\/\\\/son-energy.it\\\/#\\\/schema\\\/logo\\\/image\\\/\"}}]}<\/script>\n<!-- \/ Yoast SEO plugin. -->","yoast_head_json":{"title":"Service - SON ENERGY","description":"SON S.r.l. offers its customers complete, professional and rapid response service support for their steam production plants.","robots":{"index":"index","follow":"follow","max-snippet":"max-snippet:-1","max-image-preview":"max-image-preview:large","max-video-preview":"max-video-preview:-1"},"canonical":"https:\/\/son-energy.it\/it\/service\/","og_locale":"it_IT","og_type":"article","og_title":"Service - SON ENERGY","og_description":"SON S.r.l. offers its customers complete, professional and rapid response service support for their steam production plants.","og_url":"https:\/\/son-energy.it\/it\/service\/","og_site_name":"SON ENERGY","article_modified_time":"2023-07-02T15:50:48+00:00","og_image":[{"width":1280,"height":853,"url":"https:\/\/son-energy.it\/wp-content\/uploads\/2023\/05\/wrench-spanner-repair-717684.jpg","type":"image\/jpeg"}],"twitter_card":"summary_large_image","twitter_misc":{"Tempo di lettura stimato":"2 minuti"},"schema":{"@context":"https:\/\/schema.org","@graph":[{"@type":"WebPage","@id":"https:\/\/son-energy.it\/service\/","url":"https:\/\/son-energy.it\/service\/","name":"Service - SON ENERGY","isPartOf":{"@id":"https:\/\/son-energy.it\/#website"},"primaryImageOfPage":{"@id":"https:\/\/son-energy.it\/service\/#primaryimage"},"image":{"@id":"https:\/\/son-energy.it\/service\/#primaryimage"},"thumbnailUrl":"https:\/\/son-energy.it\/wp-content\/uploads\/2023\/05\/wrench-spanner-repair-717684.jpg","datePublished":"2023-05-02T09:12:52+00:00","dateModified":"2023-07-02T15:50:48+00:00","description":"SON S.r.l. offers its customers complete, professional and rapid response service support for their steam production plants.","breadcrumb":{"@id":"https:\/\/son-energy.it\/service\/#breadcrumb"},"inLanguage":"it-IT","potentialAction":[{"@type":"ReadAction","target":["https:\/\/son-energy.it\/service\/"]}]},{"@type":"ImageObject","inLanguage":"it-IT","@id":"https:\/\/son-energy.it\/service\/#primaryimage","url":"https:\/\/son-energy.it\/wp-content\/uploads\/2023\/05\/wrench-spanner-repair-717684.jpg","contentUrl":"https:\/\/son-energy.it\/wp-content\/uploads\/2023\/05\/wrench-spanner-repair-717684.jpg","width":1280,"height":853,"caption":"wrench, spanner, repair-717684.jpg"},{"@type":"BreadcrumbList","@id":"https:\/\/son-energy.it\/service\/#breadcrumb","itemListElement":[{"@type":"ListItem","position":1,"name":"Home","item":"https:\/\/son-energy.it\/it\/"},{"@type":"ListItem","position":2,"name":"Service"}]},{"@type":"WebSite","@id":"https:\/\/son-energy.it\/#website","url":"https:\/\/son-energy.it\/","name":"SON Energia","description":"INNOVATIVE ENERGY SOLUTIONS","publisher":{"@id":"https:\/\/son-energy.it\/#organization"},"potentialAction":[{"@type":"SearchAction","target":{"@type":"EntryPoint","urlTemplate":"https:\/\/son-energy.it\/?s={search_term_string}"},"query-input":{"@type":"PropertyValueSpecification","valueRequired":true,"valueName":"search_term_string"}}],"inLanguage":"it-IT"},{"@type":"Organization","@id":"https:\/\/son-energy.it\/#organization","name":"SON Energia","url":"https:\/\/son-energy.it\/","logo":{"@type":"ImageObject","inLanguage":"it-IT","@id":"https:\/\/son-energy.it\/#\/schema\/logo\/image\/","url":"https:\/\/son-energy.it\/wp-content\/uploads\/2021\/11\/son-logo.png","contentUrl":"https:\/\/son-energy.it\/wp-content\/uploads\/2021\/11\/son-logo.png","width":1156,"height":585,"caption":"SON ENERGY"},"image":{"@id":"https:\/\/son-energy.it\/#\/schema\/logo\/image\/"}}]}},"uagb_featured_image_src":{"full":["https:\/\/son-energy.it\/wp-content\/uploads\/2023\/05\/wrench-spanner-repair-717684.jpg",1280,853,false],"thumbnail":["https:\/\/son-energy.it\/wp-content\/uploads\/2023\/05\/wrench-spanner-repair-717684.jpg",150,100,false],"medium":["https:\/\/son-energy.it\/wp-content\/uploads\/2023\/05\/wrench-spanner-repair-717684-300x200.jpg",300,200,true],"medium_large":["https:\/\/son-energy.it\/wp-content\/uploads\/2023\/05\/wrench-spanner-repair-717684-768x512.jpg",768,512,true],"large":["https:\/\/son-energy.it\/wp-content\/uploads\/2023\/05\/wrench-spanner-repair-717684-1024x682.jpg",1024,682,true],"1536x1536":["https:\/\/son-energy.it\/wp-content\/uploads\/2023\/05\/wrench-spanner-repair-717684.jpg",1280,853,false],"2048x2048":["https:\/\/son-energy.it\/wp-content\/uploads\/2023\/05\/wrench-spanner-repair-717684.jpg",1280,853,false],"trp-custom-language-flag":["https:\/\/son-energy.it\/wp-content\/uploads\/2023\/05\/wrench-spanner-repair-717684.jpg",18,12,false]},"uagb_author_info":{"display_name":"rupertj71","author_link":"https:\/\/son-energy.it\/it\/author\/rupertj71\/"},"uagb_comment_info":0,"uagb_excerpt":"SERVICE SON S.r.l., offers a wide range of service support for steam production plants with a complete, professional and reliable response.&nbsp; Our partner, CCT SERVICE, has vast international experience and a long-standing history of know-how, which enables us to deliver a high level of performance and extend the residual life of your steam production plants.&hellip;","_links":{"self":[{"href":"https:\/\/son-energy.it\/it\/wp-json\/wp\/v2\/pages\/1998","targetHints":{"allow":["GET"]}}],"collection":[{"href":"https:\/\/son-energy.it\/it\/wp-json\/wp\/v2\/pages"}],"about":[{"href":"https:\/\/son-energy.it\/it\/wp-json\/wp\/v2\/types\/page"}],"author":[{"embeddable":true,"href":"https:\/\/son-energy.it\/it\/wp-json\/wp\/v2\/users\/1"}],"replies":[{"embeddable":true,"href":"https:\/\/son-energy.it\/it\/wp-json\/wp\/v2\/comments?post=1998"}],"version-history":[{"count":76,"href":"https:\/\/son-energy.it\/it\/wp-json\/wp\/v2\/pages\/1998\/revisions"}],"predecessor-version":[{"id":3510,"href":"https:\/\/son-energy.it\/it\/wp-json\/wp\/v2\/pages\/1998\/revisions\/3510"}],"wp:featuredmedia":[{"embeddable":true,"href":"https:\/\/son-energy.it\/it\/wp-json\/wp\/v2\/media\/2000"}],"wp:attachment":[{"href":"https:\/\/son-energy.it\/it\/wp-json\/wp\/v2\/media?parent=1998"}],"curies":[{"name":"wp","href":"https:\/\/api.w.org\/{rel}","templated":true}]}}